{"id":18,"date":"2026-01-08T05:21:45","date_gmt":"2026-01-08T05:21:45","guid":{"rendered":"https:\/\/centrotaxservices.com\/services\/"},"modified":"2026-01-16T07:38:29","modified_gmt":"2026-01-16T07:38:29","slug":"services","status":"publish","type":"page","link":"https:\/\/centrotaxservices.com\/es\/services\/","title":{"rendered":"SERVICIOS"},"content":{"rendered":"<div class=\"wp-block-group alignfull is-style-ext-preset--group--natural-1--section has-background-background-color has-background has-global-padding is-layout-constrained wp-container-core-group-is-layout-e955bbaf wp-block-group-is-layout-constrained\" id=\"services\" style=\"margin-top:0;margin-bottom:0;padding-top:var(--wp--preset--spacing--70);padding-bottom:var(--wp--preset--spacing--70)\">\n<div class=\"wp-block-group alignwide is-vertical is-layout-flex wp-container-core-group-is-layout-c35747d5 wp-block-group-is-layout-flex\">\n<div class=\"wp-block-group has-global-padding is-layout-constrained wp-container-core-group-is-layout-5e05634a wp-block-group-is-layout-constrained\">\n<h2 class=\"wp-block-heading\">Asistencia Profesional Biling\u00fce en Impuestos y Contabilidad<\/h2>\n\n\n\n<p class=\"has-text-align-left\"><strong>Apoyamos a personas y trabajadores independientes con la preparaci\u00f3n de impuestos y la organizaci\u00f3n contable, ofreciendo atenci\u00f3n clara, confiable y en espa\u00f1ol &amp; English.<\/strong><\/p>\n<\/div>\n<\/div>\n\n\n\n<div class=\"wp-block-columns alignwide is-layout-flex wp-container-core-columns-is-layout-174606dc wp-block-columns-is-layout-flex\">\n<div class=\"wp-block-column is-vertically-aligned-stretch is-layout-flow wp-container-core-column-is-layout-119bc444 wp-block-column-is-layout-flow\">\n<div class=\"wp-block-cover is-style-ext-preset--image--natural-1--image-1--content-right extendify-image-import is-style-ext-preset--image--natural-1--image-1--content-right--2\" style=\"padding-top:0;padding-bottom:0;min-height:100%;aspect-ratio:unset;\"><img decoding=\"async\" class=\"wp-block-cover__image-background\" alt=\"\" src=\"https:\/\/images.unsplash.com\/photo-1762152212840-3ec91c031d52?ixid=M3w0MzUxNjF8MHwxfHNlYXJjaHw1fHx0YXglMjBwcmVwYXJhdGlvbnxlbnwwfHx8fDE3Njc2MzQ2MjF8MA&amp;ixlib=rb-4.1.0&amp;orientation=landscape?fit=crop&amp;crop=entropy%2Cfaces&amp;auto=format%2Ccompress&amp;w=1280\" data-object-fit=\"cover\"\/><span aria-hidden=\"true\" class=\"wp-block-cover__background has-background-dim-0 has-background-dim\"><\/span><div class=\"wp-block-cover__inner-container is-layout-flow wp-block-cover-is-layout-flow\">\n<div style=\"height:240px\" aria-hidden=\"true\" class=\"wp-block-spacer\"><\/div>\n<\/div><\/div>\n<\/div>\n\n\n\n<div class=\"wp-block-column is-vertically-aligned-center is-layout-flow wp-block-column-is-layout-flow\">\n<div class=\"wp-block-group is-style-ext-preset--group--natural-1--item-card-1--align-start has-global-padding is-layout-constrained wp-block-group-is-layout-constrained is-style-ext-preset--group--natural-1--item-card-1--align-start--3\">\n<div class=\"wp-block-group is-style-default has-global-padding is-layout-constrained wp-block-group-is-layout-constrained\">\n<div class=\"wp-block-group is-nowrap is-layout-flex wp-container-core-group-is-layout-64fa2afa wp-block-group-is-layout-flex\" style=\"padding-top:0;padding-right:0;padding-bottom:0;padding-left:0\">\n<figure class=\"wp-block-image size-large ext-aspect-landscape extendify-image-import wp-duotone-primary-foreground\"><img decoding=\"async\" src=\"data:image\/svg+xml;base64,PHN2ZyB4bWxucz0iaHR0cDovL3d3dy53My5vcmcvMjAwMC9zdmciIHdpZHRoPSI0OCIgaGVpZ2h0PSI0OCIgZmlsbD0iIzAwMDAwMCIgdmlld0JveD0iMCAwIDI1NiAyNTYiPjxwYXRoIGQ9Ik0xNzIsNzZhNDQsNDQsMCwxLDAtNDQsNDRBNDQuMDUsNDQuMDUsMCwwLDAsMTcyLDc2Wm0tNDQsMjhhMjgsMjgsMCwxLDEsMjgtMjhBMjgsMjgsMCwwLDEsMTI4LDEwNFptNjAsMjRhNDQsNDQsMCwxLDAsNDQsNDRBNDQuMDUsNDQuMDUsMCwwLDAsMTg4LDEyOFptMCw3MmEyOCwyOCwwLDEsMSwyOC0yOEEyOCwyOCwwLDAsMSwxODgsMjAwWk02OCwxMjhhNDQsNDQsMCwxLDAsNDQsNDRBNDQuMDUsNDQuMDUsMCwwLDAsNjgsMTI4Wm0wLDcyYTI4LDI4LDAsMSwxLDI4LTI4QTI4LDI4LDAsMCwxLDY4LDIwMFoiPjwvcGF0aD48L3N2Zz4=\" alt=\"\" style=\"object-fit:cover\"\/><\/figure>\n\n\n\n<div class=\"wp-block-group wp-container-content-958eb9dc has-global-padding is-layout-constrained wp-container-core-group-is-layout-c06d165c wp-block-group-is-layout-constrained\" style=\"padding-top:0;padding-right:0;padding-bottom:0;padding-left:0\">\n<h3 class=\"wp-block-heading\">Preparaci\u00f3n de Impuestos Personales<\/h3>\n\n\n\n<p>Declaraciones individuales presentadas de forma correcta y conforme a las leyes fiscales vigentes.<\/p>\n<\/div>\n<\/div>\n<\/div>\n<\/div>\n\n\n\n<div class=\"wp-block-group is-style-ext-preset--group--natural-1--item-card-1--align-start has-global-padding is-layout-constrained wp-block-group-is-layout-constrained is-style-ext-preset--group--natural-1--item-card-1--align-start--4\">\n<div class=\"wp-block-group is-style-default has-global-padding is-layout-constrained wp-block-group-is-layout-constrained\">\n<div class=\"wp-block-group is-nowrap is-layout-flex wp-container-core-group-is-layout-64fa2afa wp-block-group-is-layout-flex\" style=\"padding-top:0;padding-right:0;padding-bottom:0;padding-left:0\">\n<figure class=\"wp-block-image size-large ext-aspect-landscape extendify-image-import wp-duotone-primary-foreground\"><img decoding=\"async\" src=\"data:image\/svg+xml;base64,PHN2ZyB4bWxucz0iaHR0cDovL3d3dy53My5vcmcvMjAwMC9zdmciIHdpZHRoPSI0OCIgaGVpZ2h0PSI0OCIgZmlsbD0iIzAwMDAwMCIgdmlld0JveD0iMCAwIDI1NiAyNTYiPjxwYXRoIGQ9Ik04MCw0MGE0MCw0MCwwLDEsMCw0MCw0MEE0MCw0MCwwLDAsMCw4MCw0MFptMCw2NGEyNCwyNCwwLDEsMSwyNC0yNEEyNCwyNCwwLDAsMSw4MCwxMDRabTk2LDE2YTQwLDQwLDAsMSwwLTQwLTQwQTQwLDQwLDAsMCwwLDE3NiwxMjBabTAtNjRhMjQsMjQsMCwxLDEtMjQsMjRBMjQsMjQsMCwwLDEsMTc2LDU2Wk04MCwxMzZhNDAsNDAsMCwxLDAsNDAsNDBBNDAsNDAsMCwwLDAsODAsMTM2Wm0wLDY0YTI0LDI0LDAsMSwxLDI0LTI0QTI0LDI0LDAsMCwxLDgwLDIwMFptOTYtNjRhNDAsNDAsMCwxLDAsNDAsNDBBNDAsNDAsMCwwLDAsMTc2LDEzNlptMCw2NGEyNCwyNCwwLDEsMSwyNC0yNEEyNCwyNCwwLDAsMSwxNzYsMjAwWiI+PC9wYXRoPjwvc3ZnPg==\" alt=\"\" style=\"object-fit:cover\"\/><\/figure>\n\n\n\n<div class=\"wp-block-group wp-container-content-958eb9dc has-global-padding is-layout-constrained wp-container-core-group-is-layout-c06d165c wp-block-group-is-layout-constrained\" style=\"padding-top:0;padding-right:0;padding-bottom:0;padding-left:0\">\n<h3 class=\"wp-block-heading\">Impuestos para Trabajadores Independientes<\/h3>\n\n\n\n<p>Asesor\u00eda y preparaci\u00f3n de impuestos para self-employed, freelancers y contratistas, incluyendo ingresos y gastos.<\/p>\n<\/div>\n<\/div>\n<\/div>\n<\/div>\n\n\n\n<div class=\"wp-block-group is-style-ext-preset--group--natural-1--item-card-1--align-start has-global-padding is-layout-constrained wp-block-group-is-layout-constrained is-style-ext-preset--group--natural-1--item-card-1--align-start--5\">\n<div class=\"wp-block-group is-style-default has-global-padding is-layout-constrained wp-block-group-is-layout-constrained\">\n<div class=\"wp-block-group is-nowrap is-layout-flex wp-container-core-group-is-layout-64fa2afa wp-block-group-is-layout-flex\" style=\"padding-top:0;padding-right:0;padding-bottom:0;padding-left:0\">\n<figure class=\"wp-block-image size-large ext-aspect-landscape extendify-image-import wp-duotone-primary-foreground\"><img decoding=\"async\" src=\"data:image\/svg+xml;base64,PHN2ZyB4bWxucz0iaHR0cDovL3d3dy53My5vcmcvMjAwMC9zdmciIHdpZHRoPSI0OCIgaGVpZ2h0PSI0OCIgZmlsbD0iIzAwMDAwMCIgdmlld0JveD0iMCAwIDI1NiAyNTYiPjxwYXRoIGQ9Ik04MCw0MGE0MCw0MCwwLDEsMCw0MCw0MEE0MCw0MCwwLDAsMCw4MCw0MFptMCw2NGEyNCwyNCwwLDEsMSwyNC0yNEEyNCwyNCwwLDAsMSw4MCwxMDRabTk2LDE2YTQwLDQwLDAsMSwwLTQwLTQwQTQwLDQwLDAsMCwwLDE3NiwxMjBabTAtNjRhMjQsMjQsMCwxLDEtMjQsMjRBMjQsMjQsMCwwLDEsMTc2LDU2Wk04MCwxMzZhNDAsNDAsMCwxLDAsNDAsNDBBNDAsNDAsMCwwLDAsODAsMTM2Wm0wLDY0YTI0LDI0LDAsMSwxLDI0LTI0QTI0LDI0LDAsMCwxLDgwLDIwMFptMTM2LTI0YTgsOCwwLDAsMS04LDhIMTg0djI0YTgsOCwwLDAsMS0xNiwwVjE4NEgxNDRhOCw4LDAsMCwxLDAtMTZoMjRWMTQ0YTgsOCwwLDAsMSwxNiwwdjI0aDI0QTgsOCwwLDAsMSwyMTYsMTc2WiI+PC9wYXRoPjwvc3ZnPg==\" alt=\"\" style=\"object-fit:cover\"\/><\/figure>\n\n\n\n<div class=\"wp-block-group wp-container-content-958eb9dc has-global-padding is-layout-constrained wp-container-core-group-is-layout-c06d165c wp-block-group-is-layout-constrained\" style=\"padding-top:0;padding-right:0;padding-bottom:0;padding-left:0\">\n<h3 class=\"wp-block-heading\">Asistencia para ITIN<\/h3>\n\n\n\n<p>Apoyo en la solicitud y renovaci\u00f3n del ITIN, con acompa\u00f1amiento durante todo el proceso.<\/p>\n<\/div>\n<\/div>\n<\/div>\n<\/div>\n<\/div>\n<\/div>\n<\/div>\n\n\n\n<div class=\"wp-block-group alignfull is-style-ext-preset--group--natural-1--section has-tertiary-background-color has-background has-global-padding is-layout-constrained wp-container-core-group-is-layout-ab56ae29 wp-block-group-is-layout-constrained\" id=\"book-now\" style=\"margin-top:0;margin-bottom:0;padding-top:var(--wp--preset--spacing--70);padding-bottom:var(--wp--preset--spacing--70)\">\n<div class=\"wp-block-group alignwide is-vertical is-content-justification-center is-layout-flex wp-container-core-group-is-layout-c9ee0c5a wp-block-group-is-layout-flex\">\n<div class=\"wp-block-group has-global-padding is-layout-constrained wp-container-core-group-is-layout-dd32767c wp-block-group-is-layout-constrained\">\n<h2 class=\"wp-block-heading has-text-align-center\">Preparaci\u00f3n de Impuestos para Trabajadores Independientes<\/h2>\n\n\n\n<p class=\"has-text-align-center\"><strong>Ofrecemos atenci\u00f3n especializada para trabajadores independientes, ayud\u00e1ndote a cumplir con tus obligaciones fiscales y a mantener tus finanzas organizadas durante todo el a\u00f1o.<\/strong><\/p>\n<\/div>\n<\/div>\n\n\n\n<div class=\"wp-block-group alignwide has-global-padding is-layout-constrained wp-block-group-is-layout-constrained\"><div id=\"sbw_z0hg2i_calendar\"><\/div><script type=\"text\/javascript\">function instantiateSimplyBookWidget() {    new SimplybookWidget({        \"widget_type\": \"iframe\",        \"url\": \"https:\/\/rsp3813216549.simplybook.it\",        \"theme\": \"default\",        \"theme_settings\": {\"timeline_show_end_time\":false,\"timeline_hide_unavailable\":true,\"hide_past_days\":false,\"hide_img_mode\":true,\"show_sidebar\":true,\"timeline_modern_display\":\"as_slots\",\"display_item_mode\":\"block\",\"sb_base_color\":\"#FFFFFF\",\"booking_nav_bg_color\":\"#243B8C\",\"body_bg_color\":\"#f7f7f7\",\"dark_font_color\":\"#494949\",\"light_font_color\":\"var(--wp--custom--elements--button--color--text)\",\"btn_color_1\":\"#243B8C\",\"sb_company_label_color\":\"#243B8C\",\"sb_busy\":\"#FFFFFF\",\"sb_available\":\"var(--wp--custom--elements--button--color--background)\",\"sb_review_image\":\"\",\"hide_company_label\":false,\"link_color\":\"var(--wp--custom--elements--button--color--background)\"},        \"timeline\": \"modern\",        \"datepicker\": \"top_calendar\",        \"is_rtl\": \"\",        \"app_config\": {            \"clear_session\": \"1\",            \"allow_switch_to_ada\": \"\",            \"predefined\": [],        },        \"container_id\": \"sbw_z0hg2i_calendar\"    });}document.addEventListener(\"DOMContentLoaded\", instantiateSimplyBookWidget);document.addEventListener(\"loadSimplyBookPreviewWidget\", instantiateSimplyBookWidget);<\/script><\/div>\n<\/div>\n\n\n\n<div class=\"wp-block-group alignfull is-style-ext-preset--group--natural-1--section has-background-background-color has-background has-global-padding is-layout-constrained wp-container-core-group-is-layout-e955bbaf wp-block-group-is-layout-constrained\" style=\"margin-top:0;margin-bottom:0;padding-top:var(--wp--preset--spacing--70);padding-bottom:var(--wp--preset--spacing--70)\">\n<div class=\"wp-block-group alignwide is-vertical is-content-justification-center is-layout-flex wp-container-core-group-is-layout-c9ee0c5a wp-block-group-is-layout-flex\">\n<div class=\"wp-block-group has-global-padding is-layout-constrained wp-container-core-group-is-layout-5e05634a wp-block-group-is-layout-constrained\">\n<h2 class=\"wp-block-heading has-text-align-center\">Soluciones Fiscales y Contables a Tu Medida<\/h2>\n\n\n\n<p class=\"has-text-align-center\">Descubre c\u00f3mo <strong>Centro Tax<\/strong> ofrece servicios personalizados en impuestos y contabilidad, con apoyo biling\u00fce y atenci\u00f3n profesional para simplificar tus finanzas.<\/p>\n<\/div>\n<\/div>\n\n\n\n<div class=\"wp-block-columns alignwide is-layout-flex wp-container-core-columns-is-layout-08c01c1c wp-block-columns-is-layout-flex\">\n<div class=\"wp-block-column is-vertically-aligned-stretch is-layout-flow wp-container-core-column-is-layout-f5bb311e wp-block-column-is-layout-flow\">\n<div class=\"wp-block-group is-style-ext-preset--group--natural-1--item-card-1--align-center has-global-padding is-layout-constrained wp-block-group-is-layout-constrained is-style-ext-preset--group--natural-1--item-card-1--align-center--8\">\n<figure class=\"wp-block-image aligncenter size-large ext-aspect-landscape extendify-image-import\"><img decoding=\"async\" src=\"https:\/\/images.unsplash.com\/photo-1554224154-26032ffc0d07?ixid=M3w0MzUxNjF8MHwxfHNlYXJjaHwxfHx0YXglMjBwcmVwYXJhdGlvbnxlbnwwfHx8fDE3Njc2MzQ2MjF8MA&amp;ixlib=rb-4.1.0&amp;orientation=landscape?fit=crop&amp;crop=entropy%2Cfaces&amp;auto=format%2Ccompress&amp;w=1280\" alt=\"\" style=\"aspect-ratio:4\/3;object-fit:cover\"\/><\/figure>\n\n\n\n<div class=\"wp-block-group is-style-default has-global-padding is-layout-constrained wp-block-group-is-layout-constrained\">\n<h3 class=\"wp-block-heading has-text-align-center\">Preparaci\u00f3n de Impuestos Personalizada<\/h3>\n\n\n\n<p class=\"has-text-align-center\">An\u00e1lisis y preparaci\u00f3n de impuestos adaptados a tu situaci\u00f3n personal o la de tu negocio.<\/p>\n<\/div>\n<\/div>\n<\/div>\n\n\n\n<div class=\"wp-block-column is-vertically-aligned-stretch is-layout-flow wp-container-core-column-is-layout-f5bb311e wp-block-column-is-layout-flow\">\n<div class=\"wp-block-group is-style-ext-preset--group--natural-1--item-card-1--align-center has-global-padding is-layout-constrained wp-block-group-is-layout-constrained is-style-ext-preset--group--natural-1--item-card-1--align-center--9\">\n<figure class=\"wp-block-image aligncenter size-large ext-aspect-landscape extendify-image-import\"><img decoding=\"async\" src=\"https:\/\/images.unsplash.com\/photo-1762151662378-f40e20901824?ixid=M3w0MzUxNjF8MHwxfHNlYXJjaHw0fHx0YXglMjBwcmVwYXJhdGlvbnxlbnwwfHx8fDE3Njc2MzQ2MjF8MA&amp;ixlib=rb-4.1.0&amp;orientation=landscape?fit=crop&amp;crop=entropy%2Cfaces&amp;auto=format%2Ccompress&amp;w=1280\" alt=\"\" style=\"aspect-ratio:4\/3;object-fit:cover\"\/><\/figure>\n\n\n\n<div class=\"wp-block-group is-style-default has-global-padding is-layout-constrained wp-block-group-is-layout-constrained\">\n<h3 class=\"wp-block-heading has-text-align-center\">Asistencia para ITIN<\/h3>\n\n\n\n<p class=\"has-text-align-center\">Acompa\u00f1amiento en el tr\u00e1mite y renovaci\u00f3n del ITIN, asegurando un proceso claro y ordenado.<\/p>\n<\/div>\n<\/div>\n<\/div>\n\n\n\n<div class=\"wp-block-column is-vertically-aligned-stretch is-layout-flow wp-container-core-column-is-layout-f5bb311e wp-block-column-is-layout-flow\">\n<div class=\"wp-block-group is-style-ext-preset--group--natural-1--item-card-1--align-center has-global-padding is-layout-constrained wp-block-group-is-layout-constrained is-style-ext-preset--group--natural-1--item-card-1--align-center--10\">\n<figure class=\"wp-block-image aligncenter size-large ext-aspect-landscape extendify-image-import\"><img decoding=\"async\" src=\"https:\/\/images.unsplash.com\/photo-1762151717091-4e0633e0c431?ixid=M3w0MzUxNjF8MHwxfHNlYXJjaHw2fHx0YXglMjBwcmVwYXJhdGlvbnxlbnwwfHx8fDE3Njc2MzQ2MjF8MA&amp;ixlib=rb-4.1.0&amp;orientation=portrait?fit=crop&amp;crop=entropy%2Cfaces&amp;auto=format%2Ccompress&amp;w=1280\" alt=\"\" style=\"aspect-ratio:4\/3;object-fit:cover\"\/><\/figure>\n\n\n\n<div class=\"wp-block-group is-style-default has-global-padding is-layout-constrained wp-block-group-is-layout-constrained\">\n<h3 class=\"wp-block-heading\">Soluci\u00f3n de Problemas Fiscales<\/h3>\n\n\n\n<p class=\"has-text-align-center\">Orientaci\u00f3n para resolver dudas fiscales y mantener tu informaci\u00f3n financiera en orden.<\/p>\n<\/div>\n<\/div>\n<\/div>\n<\/div>\n\n\n\n<div class=\"wp-block-buttons is-content-justification-center is-layout-flex wp-container-core-buttons-is-layout-a89b3969 wp-block-buttons-is-layout-flex\">\n<div class=\"wp-block-button is-style-ext-preset--button--natural-1--button-1 is-style-ext-preset--button--natural-1--button-1--11\"><a class=\"wp-block-button__link wp-element-button\" href=\"https:\/\/centrotaxservices.com\/es\/about\/\">Conoce Mas<\/a><\/div>\n<\/div>\n<\/div>","protected":false},"excerpt":{"rendered":"<p>Asistencia Profesional Biling\u00fce en Impuestos y Contabilidad Apoyamos a personas y trabajadores independientes con la preparaci\u00f3n de impuestos y la organizaci\u00f3n contable, ofreciendo atenci\u00f3n clara, confiable y en espa\u00f1ol &amp; English. Preparaci\u00f3n de Impuestos Personales Declaraciones individuales presentadas de forma correcta y conforme a las leyes fiscales vigentes. Impuestos para Trabajadores Independientes Asesor\u00eda y preparaci\u00f3n [&hellip;]<\/p>\n","protected":false},"author":1,"featured_media":0,"parent":0,"menu_order":0,"comment_status":"closed","ping_status":"closed","template":"page-with-title","meta":{"_monsterinsights_skip_tracking":false,"_monsterinsights_sitenote_active":false,"_monsterinsights_sitenote_note":"","_monsterinsights_sitenote_category":0,"footnotes":""},"class_list":["post-18","page","type-page","status-publish","hentry"],"aioseo_notices":[],"_links":{"self":[{"href":"https:\/\/centrotaxservices.com\/es\/wp-json\/wp\/v2\/pages\/18","targetHints":{"allow":["GET"]}}],"collection":[{"href":"https:\/\/centrotaxservices.com\/es\/wp-json\/wp\/v2\/pages"}],"about":[{"href":"https:\/\/centrotaxservices.com\/es\/wp-json\/wp\/v2\/types\/page"}],"author":[{"embeddable":true,"href":"https:\/\/centrotaxservices.com\/es\/wp-json\/wp\/v2\/users\/1"}],"replies":[{"embeddable":true,"href":"https:\/\/centrotaxservices.com\/es\/wp-json\/wp\/v2\/comments?post=18"}],"version-history":[{"count":2,"href":"https:\/\/centrotaxservices.com\/es\/wp-json\/wp\/v2\/pages\/18\/revisions"}],"predecessor-version":[{"id":54,"href":"https:\/\/centrotaxservices.com\/es\/wp-json\/wp\/v2\/pages\/18\/revisions\/54"}],"wp:attachment":[{"href":"https:\/\/centrotaxservices.com\/es\/wp-json\/wp\/v2\/media?parent=18"}],"curies":[{"name":"wp","href":"https:\/\/api.w.org\/{rel}","templated":true}]}}